




{"id":21311,"date":"2025-02-21T12:51:16","date_gmt":"2025-02-21T12:51:16","guid":{"rendered":"https:\/\/ccpc.inventise.ie\/consumers\/?page_id=21311"},"modified":"2025-03-03T16:02:37","modified_gmt":"2025-03-03T16:02:37","slug":"consumer-rights-worksheets","status":"publish","type":"page","link":"https:\/\/ccpc.inventise.ie\/consumers\/about\/financial-education\/consumer-rights-worksheets\/","title":{"rendered":"Consumer Rights Worksheets"},"content":{"rendered":"<p>The Competition and Consumer Protection Commission (CCPC) has created a set of classroom worksheets to accompany The Complaints Bureau<em>, <\/em>a consumer rights and financial education television series. Airing on RTE on Thursdays at 7pm from 6 March, each episode will feature stories about issues affecting real consumers.<\/p>\n<p>These resources will help students explore and problem solve consumer rights issues and learn how to make informed decisions when shopping or dealing with businesses.<\/p>\n<p>The worksheets align with topics covered in Senior Cycle Home Economics and Business, but they may also be relevant for other areas and stages. Each worksheet is designed to spark discussion and promote practical learning, making it easy to bring real-life consumer issues into your lessons. This includes identifying appropriate consumer rights legislation, understanding your rights, and making a complaint.<\/p>\n<p>With thanks to members of the <a href=\"https:\/\/bstai.ie\/\">BSTAI<\/a> and <a href=\"https:\/\/www.athe-ireland.com\/\">ATHE<\/a> for their input on the development of these resources.<\/p>\n<p>T\u00e1 leagan Gaeilge de na hacmhainn\u00ed seo ar an mbealach, le bu\u00edochas leis <a href=\"https:\/\/www.cogg.ie\/\">An Chomhairle um Oideachas Gaeltachta agus Gaelscola\u00edochta<\/a>.<\/p>\n<p><div id=\"accordion-1\" class=\"accordion no-js\">\n\t\t\t\t\t<h3 role=\"button\" id=\"accordion-1-t1\" class=\"accordion-title js-accordion-controller\" aria-controls=\"accordion-1-c1\" aria-expanded=\"false\" tabindex=\"0\">\n\t\t\t\tStudent Worksheets\t\t\t<\/h3>\n\t\t\n\t\t<div id=\"accordion-1-c1\" class=\"accordion-content\" aria-hidden=\"true\">\n\t\t\t<\/p>\n<p><a href=\"https:\/\/ccpc.inventise.ie\/consumers\/wp-content\/uploads\/sites\/2\/2025\/03\/Consumer-Rights-101.pdf\">Consumer Rights 101:<\/a> this worksheet explores students\u2019 consumer rights knowledge.<\/p>\n<p><a href=\"https:\/\/ccpc.inventise.ie\/consumers\/wp-content\/uploads\/sites\/2\/2025\/03\/Put-it-into-Practice.pdf\">Put it into Practice:<\/a> here students can put their consumer rights knowledge into practice, completing practical tasks based on case studies.<\/p>\n<p><a href=\"https:\/\/ccpc.inventise.ie\/consumers\/wp-content\/uploads\/sites\/2\/2025\/03\/Online-Reviews.pdf\">Spot the Fake Review:<\/a> students can put their critical thinking to the test and try to identify the fake online review.<\/p>\n<p><a href=\"https:\/\/ccpc.inventise.ie\/consumers\/wp-content\/uploads\/sites\/2\/2025\/03\/Consumer-Crossword.pdf\">Consumer Crossword:<\/a> challenge students with this tricky consumer crossword! Perfect for reinforcing key concepts and gaining further insights into consumer rights legislation.<\/p>\n<p>\t\t<\/div>\n\n\t\t<\/p>\n\n\t\t\t\t\t<h3 role=\"button\" id=\"accordion-1-t2\" class=\"accordion-title js-accordion-controller\" aria-controls=\"accordion-1-c2\" aria-expanded=\"false\" tabindex=\"0\">\n\t\t\t\tTeachers' Answer Booklet\t\t\t<\/h3>\n\t\t\n\t\t<div id=\"accordion-1-c2\" class=\"accordion-content\" aria-hidden=\"true\">\n\t\t\t<\/p>\n<p>These answer sheets provides answers and guidance for the topics covered in this unit.<\/p>\n<p><a href=\"https:\/\/ccpc.inventise.ie\/consumers\/wp-content\/uploads\/sites\/2\/2025\/03\/Teacher-Answer-Booklet-1-5.pdf\">Teacher Answer Booklet<\/a><\/p>\n<p>\t\t<\/div>\n\n\t\t\n<h4><\/div><\/h4>\n","protected":false},"excerpt":{"rendered":"<p>The Competition and Consumer Protection Commission (CCPC) has created a set of classroom worksheets to accompany The Complaints Bureau, a consumer rights and financial education television series. Airing on RTE on Thursdays at 7pm from 6 March, each episode will &hellip;<\/p>\n","protected":false},"author":210,"featured_media":0,"parent":168,"menu_order":0,"comment_status":"closed","ping_status":"closed","template":"","meta":{"_acf_changed":false,"inline_featured_image":false,"footnotes":""},"tags":[],"class_list":["post-21311","page","type-page","status-publish","hentry"],"acf":[],"yoast_head":"<!-- This site is optimized with the Yoast SEO plugin v25.6 - https:\/\/yoast.com\/wordpress\/plugins\/seo\/ -->\n<title>Consumer Rights Worksheets - CCPC Consumers<\/title>\n<meta name=\"description\" content=\"The Competition and Consumer Protection Commission is an independent statutory body that enforces competition and consumer protection law in Ireland\" \/>\n<meta name=\"robots\" content=\"noindex, follow, max-snippet:-1, max-image-preview:large, max-video-preview:-1\" \/>\n<meta property=\"og:locale\" content=\"en_GB\" \/>\n<meta property=\"og:type\" content=\"article\" \/>\n<meta property=\"og:title\" content=\"Consumer Rights Worksheets - CCPC Consumers\" \/>\n<meta property=\"og:description\" content=\"The Competition and Consumer Protection Commission is an independent statutory body that enforces competition and consumer protection law in Ireland\" \/>\n<meta property=\"og:url\" content=\"https:\/\/ccpc.inventise.ie\/consumers\/about\/financial-education\/consumer-rights-worksheets\/\" \/>\n<meta property=\"og:site_name\" content=\"CCPC Consumers\" \/>\n<meta property=\"article:modified_time\" content=\"2025-03-03T16:02:37+00:00\" \/>\n<meta name=\"twitter:card\" content=\"summary_large_image\" \/>\n<meta name=\"twitter:label1\" content=\"Estimated reading time\" \/>\n\t<meta name=\"twitter:data1\" content=\"2 minutes\" \/>\n<script type=\"application\/ld+json\" class=\"yoast-schema-graph\">{\"@context\":\"https:\/\/schema.org\",\"@graph\":[{\"@type\":\"WebPage\",\"@id\":\"https:\/\/ccpc.inventise.ie\/consumers\/about\/financial-education\/consumer-rights-worksheets\/\",\"url\":\"https:\/\/ccpc.inventise.ie\/consumers\/about\/financial-education\/consumer-rights-worksheets\/\",\"name\":\"Consumer Rights Worksheets - CCPC Consumers\",\"isPartOf\":{\"@id\":\"https:\/\/ccpc.inventise.ie\/consumers\/#website\"},\"datePublished\":\"2025-02-21T12:51:16+00:00\",\"dateModified\":\"2025-03-03T16:02:37+00:00\",\"description\":\"The Competition and Consumer Protection Commission is an independent statutory body that enforces competition and consumer protection law in Ireland\",\"breadcrumb\":{\"@id\":\"https:\/\/ccpc.inventise.ie\/consumers\/about\/financial-education\/consumer-rights-worksheets\/#breadcrumb\"},\"inLanguage\":\"en-GB\",\"potentialAction\":[{\"@type\":\"ReadAction\",\"target\":[\"https:\/\/ccpc.inventise.ie\/consumers\/about\/financial-education\/consumer-rights-worksheets\/\"]}]},{\"@type\":\"BreadcrumbList\",\"@id\":\"https:\/\/ccpc.inventise.ie\/consumers\/about\/financial-education\/consumer-rights-worksheets\/#breadcrumb\",\"itemListElement\":[{\"@type\":\"ListItem\",\"position\":1,\"name\":\"Home\",\"item\":\"https:\/\/ccpc.inventise.ie\/consumers\/\"},{\"@type\":\"ListItem\",\"position\":2,\"name\":\"About\",\"item\":\"https:\/\/www.ccpc.ie\/consumers\/about\/\"},{\"@type\":\"ListItem\",\"position\":3,\"name\":\"Financial education\",\"item\":\"https:\/\/ccpc.inventise.ie\/consumers\/about\/financial-education\/\"},{\"@type\":\"ListItem\",\"position\":4,\"name\":\"Consumer Rights Worksheets\"}]},{\"@type\":\"WebSite\",\"@id\":\"https:\/\/ccpc.inventise.ie\/consumers\/#website\",\"url\":\"https:\/\/ccpc.inventise.ie\/consumers\/\",\"name\":\"CCPC Consumers\",\"description\":\"The Competition and Consumer Protection Commission\",\"potentialAction\":[{\"@type\":\"SearchAction\",\"target\":{\"@type\":\"EntryPoint\",\"urlTemplate\":\"https:\/\/ccpc.inventise.ie\/consumers\/?s={search_term_string}\"},\"query-input\":{\"@type\":\"PropertyValueSpecification\",\"valueRequired\":true,\"valueName\":\"search_term_string\"}}],\"inLanguage\":\"en-GB\"}]}<\/script>\n<!-- \/ Yoast SEO plugin. -->","yoast_head_json":{"title":"Consumer Rights Worksheets - CCPC Consumers","description":"The Competition and Consumer Protection Commission is an independent statutory body that enforces competition and consumer protection law in Ireland","robots":{"index":"noindex","follow":"follow","max-snippet":"max-snippet:-1","max-image-preview":"max-image-preview:large","max-video-preview":"max-video-preview:-1"},"og_locale":"en_GB","og_type":"article","og_title":"Consumer Rights Worksheets - CCPC Consumers","og_description":"The Competition and Consumer Protection Commission is an independent statutory body that enforces competition and consumer protection law in Ireland","og_url":"https:\/\/ccpc.inventise.ie\/consumers\/about\/financial-education\/consumer-rights-worksheets\/","og_site_name":"CCPC Consumers","article_modified_time":"2025-03-03T16:02:37+00:00","twitter_card":"summary_large_image","twitter_misc":{"Estimated reading time":"2 minutes"},"schema":{"@context":"https:\/\/schema.org","@graph":[{"@type":"WebPage","@id":"https:\/\/ccpc.inventise.ie\/consumers\/about\/financial-education\/consumer-rights-worksheets\/","url":"https:\/\/ccpc.inventise.ie\/consumers\/about\/financial-education\/consumer-rights-worksheets\/","name":"Consumer Rights Worksheets - CCPC Consumers","isPartOf":{"@id":"https:\/\/ccpc.inventise.ie\/consumers\/#website"},"datePublished":"2025-02-21T12:51:16+00:00","dateModified":"2025-03-03T16:02:37+00:00","description":"The Competition and Consumer Protection Commission is an independent statutory body that enforces competition and consumer protection law in Ireland","breadcrumb":{"@id":"https:\/\/ccpc.inventise.ie\/consumers\/about\/financial-education\/consumer-rights-worksheets\/#breadcrumb"},"inLanguage":"en-GB","potentialAction":[{"@type":"ReadAction","target":["https:\/\/ccpc.inventise.ie\/consumers\/about\/financial-education\/consumer-rights-worksheets\/"]}]},{"@type":"BreadcrumbList","@id":"https:\/\/ccpc.inventise.ie\/consumers\/about\/financial-education\/consumer-rights-worksheets\/#breadcrumb","itemListElement":[{"@type":"ListItem","position":1,"name":"Home","item":"https:\/\/ccpc.inventise.ie\/consumers\/"},{"@type":"ListItem","position":2,"name":"About","item":"https:\/\/www.ccpc.ie\/consumers\/about\/"},{"@type":"ListItem","position":3,"name":"Financial education","item":"https:\/\/ccpc.inventise.ie\/consumers\/about\/financial-education\/"},{"@type":"ListItem","position":4,"name":"Consumer Rights Worksheets"}]},{"@type":"WebSite","@id":"https:\/\/ccpc.inventise.ie\/consumers\/#website","url":"https:\/\/ccpc.inventise.ie\/consumers\/","name":"CCPC Consumers","description":"The Competition and Consumer Protection Commission","potentialAction":[{"@type":"SearchAction","target":{"@type":"EntryPoint","urlTemplate":"https:\/\/ccpc.inventise.ie\/consumers\/?s={search_term_string}"},"query-input":{"@type":"PropertyValueSpecification","valueRequired":true,"valueName":"search_term_string"}}],"inLanguage":"en-GB"}]}},"_links":{"self":[{"href":"https:\/\/ccpc.inventise.ie\/consumers\/wp-json\/wp\/v2\/pages\/21311","targetHints":{"allow":["GET"]}}],"collection":[{"href":"https:\/\/ccpc.inventise.ie\/consumers\/wp-json\/wp\/v2\/pages"}],"about":[{"href":"https:\/\/ccpc.inventise.ie\/consumers\/wp-json\/wp\/v2\/types\/page"}],"author":[{"embeddable":true,"href":"https:\/\/ccpc.inventise.ie\/consumers\/wp-json\/wp\/v2\/users\/210"}],"replies":[{"embeddable":true,"href":"https:\/\/ccpc.inventise.ie\/consumers\/wp-json\/wp\/v2\/comments?post=21311"}],"version-history":[{"count":7,"href":"https:\/\/ccpc.inventise.ie\/consumers\/wp-json\/wp\/v2\/pages\/21311\/revisions"}],"predecessor-version":[{"id":21342,"href":"https:\/\/ccpc.inventise.ie\/consumers\/wp-json\/wp\/v2\/pages\/21311\/revisions\/21342"}],"up":[{"embeddable":true,"href":"https:\/\/ccpc.inventise.ie\/consumers\/wp-json\/wp\/v2\/pages\/168"}],"wp:attachment":[{"href":"https:\/\/ccpc.inventise.ie\/consumers\/wp-json\/wp\/v2\/media?parent=21311"}],"wp:term":[{"taxonomy":"post_tag","embeddable":true,"href":"https:\/\/ccpc.inventise.ie\/consumers\/wp-json\/wp\/v2\/tags?post=21311"}],"curies":[{"name":"wp","href":"https:\/\/api.w.org\/{rel}","templated":true}]}}