




{"id":15491,"date":"2022-01-20T09:33:28","date_gmt":"2022-01-20T09:33:28","guid":{"rendered":"https:\/\/www.ccpc.ie\/consumers\/?page_id=15491"},"modified":"2022-01-20T09:33:28","modified_gmt":"2022-01-20T09:33:28","slug":"language-scheme","status":"publish","type":"page","link":"https:\/\/ccpc.inventise.ie\/consumers\/about\/governance\/language-scheme\/","title":{"rendered":"Language Scheme"},"content":{"rendered":"<div class=\"responsive-tabs\">\n<h2 class=\"tabtitle\">Language Scheme<\/h2>\n<div class=\"tabcontent\">\n\n<p>This is the Competition and Consumer Protection Commission\u2019s (CCPC) first <a href=\"https:\/\/ccpc.inventise.ie\/consumers\/wp-content\/uploads\/sites\/2\/2021\/05\/2021.05.24-Approved-Language-Scheme-in-English.pdf\">Language Scheme<\/a> and it will be in effect for the period 2021-2024. The Official Languages Act 2003 provides for the preparation by public bodies of a language scheme detailing the services they will provide:<\/p>\n<ul>\n<li>through the medium of Irish;<\/li>\n<li>through the medium of English, and;<\/li>\n<li>through the medium of Irish and English;<\/li>\n<\/ul>\n<p>and the measures to be adopted to ensure that any service not currently provided by the body through the medium of the Irish language will be so provided within an agreed timeframe.<\/p>\n\n<\/div><h2 class=\"tabtitle\">Sc\u00e9im Teanga<\/h2>\n<div class=\"tabcontent\">\n\n<p>Is \u00ed seo an ch\u00e9ad <a href=\"https:\/\/ccpc.inventise.ie\/consumers\/wp-content\/uploads\/sites\/2\/2021\/05\/2021.05.24-Sceim-Teanga.pdf\">Sc\u00e9im Teanga<\/a>\u00a0de chuid an Choimisi\u00fain um Ioma\u00edocht agus Cosaint Tomhalt\u00f3ir\u00ed (CCPC) agus beidh s\u00ed i bhfeidhm don tr\u00e9imhse 2021-2024. For\u00e1lann Acht na dTeangacha Oifigi\u00fala 2003 go r\u00e9iteoidh comhlachta\u00ed poibl\u00ed Sc\u00e9im Teanga ina dtabharfar sonra\u00ed maidir leis na seirbh\u00eds\u00ed a shol\u00e1thr\u00f3idh siad:<\/p>\n<ul>\n<li>tr\u00ed mhe\u00e1n na Gaeilge;<\/li>\n<li>tr\u00ed mhe\u00e1n an Bh\u00e9arla, agus;<\/li>\n<li>tr\u00ed mhe\u00e1n na Gaeilge agus an Bh\u00e9arla;<\/li>\n<\/ul>\n<p>agus na bearta a chuirfear i bhfeidhm d\u2019fhonn a chinnti\u00fa go mbeidh aon seirbh\u00eds nach bhfuil an comhlacht ag sol\u00e1thar tr\u00ed mhe\u00e1n na Gaeilge faoi l\u00e1thair \u00e1 cur ar f\u00e1il taobh istigh de thr\u00e9imhse ama a bheidh aontaithe.<\/p>\n<\/div><\/div>\n","protected":false},"excerpt":{"rendered":"<p>This is the Competition and Consumer Protection Commission\u2019s (CCPC) first Language Scheme and it will be in effect for the period 2021-2024. The Official Languages Act 2003 provides for the preparation by public bodies of a language scheme detailing the &hellip;<\/p>\n","protected":false},"author":178,"featured_media":0,"parent":15486,"menu_order":3,"comment_status":"closed","ping_status":"closed","template":"","meta":{"_acf_changed":false,"inline_featured_image":false,"footnotes":""},"tags":[],"class_list":["post-15491","page","type-page","status-publish","hentry"],"acf":[],"yoast_head":"<!-- This site is optimized with the Yoast SEO plugin v25.6 - https:\/\/yoast.com\/wordpress\/plugins\/seo\/ -->\n<title>Language Scheme - CCPC Consumers<\/title>\n<meta name=\"description\" content=\"The Competition and Consumer Protection Commission is an independent statutory body that enforces competition and consumer protection law in Ireland\" \/>\n<meta name=\"robots\" content=\"noindex, follow, max-snippet:-1, max-image-preview:large, max-video-preview:-1\" \/>\n<meta property=\"og:locale\" content=\"en_GB\" \/>\n<meta property=\"og:type\" content=\"article\" \/>\n<meta property=\"og:title\" content=\"Language Scheme - CCPC Consumers\" \/>\n<meta property=\"og:description\" content=\"The Competition and Consumer Protection Commission is an independent statutory body that enforces competition and consumer protection law in Ireland\" \/>\n<meta property=\"og:url\" content=\"https:\/\/www.ccpc.ie\/consumers\/about\/governance\/language-scheme\/\" \/>\n<meta property=\"og:site_name\" content=\"CCPC Consumers\" \/>\n<meta name=\"twitter:card\" content=\"summary_large_image\" \/>\n<meta name=\"twitter:label1\" content=\"Estimated reading time\" \/>\n\t<meta name=\"twitter:data1\" content=\"1 minute\" \/>\n<script type=\"application\/ld+json\" class=\"yoast-schema-graph\">{\"@context\":\"https:\/\/schema.org\",\"@graph\":[{\"@type\":\"WebPage\",\"@id\":\"https:\/\/www.ccpc.ie\/consumers\/about\/governance\/language-scheme\/\",\"url\":\"https:\/\/www.ccpc.ie\/consumers\/about\/governance\/language-scheme\/\",\"name\":\"Language Scheme - CCPC Consumers\",\"isPartOf\":{\"@id\":\"https:\/\/ccpc.inventise.ie\/consumers\/#website\"},\"datePublished\":\"2022-01-20T09:33:28+00:00\",\"description\":\"The Competition and Consumer Protection Commission is an independent statutory body that enforces competition and consumer protection law in Ireland\",\"breadcrumb\":{\"@id\":\"https:\/\/www.ccpc.ie\/consumers\/about\/governance\/language-scheme\/#breadcrumb\"},\"inLanguage\":\"en-GB\",\"potentialAction\":[{\"@type\":\"ReadAction\",\"target\":[\"https:\/\/www.ccpc.ie\/consumers\/about\/governance\/language-scheme\/\"]}]},{\"@type\":\"BreadcrumbList\",\"@id\":\"https:\/\/www.ccpc.ie\/consumers\/about\/governance\/language-scheme\/#breadcrumb\",\"itemListElement\":[{\"@type\":\"ListItem\",\"position\":1,\"name\":\"Home\",\"item\":\"https:\/\/ccpc.inventise.ie\/consumers\/\"},{\"@type\":\"ListItem\",\"position\":2,\"name\":\"About\",\"item\":\"https:\/\/www.ccpc.ie\/consumers\/about\/\"},{\"@type\":\"ListItem\",\"position\":3,\"name\":\"Governance\",\"item\":\"https:\/\/www.ccpc.ie\/consumers\/about\/governance\/\"},{\"@type\":\"ListItem\",\"position\":4,\"name\":\"Language Scheme\"}]},{\"@type\":\"WebSite\",\"@id\":\"https:\/\/ccpc.inventise.ie\/consumers\/#website\",\"url\":\"https:\/\/ccpc.inventise.ie\/consumers\/\",\"name\":\"CCPC Consumers\",\"description\":\"The Competition and Consumer Protection Commission\",\"potentialAction\":[{\"@type\":\"SearchAction\",\"target\":{\"@type\":\"EntryPoint\",\"urlTemplate\":\"https:\/\/ccpc.inventise.ie\/consumers\/?s={search_term_string}\"},\"query-input\":{\"@type\":\"PropertyValueSpecification\",\"valueRequired\":true,\"valueName\":\"search_term_string\"}}],\"inLanguage\":\"en-GB\"}]}<\/script>\n<!-- \/ Yoast SEO plugin. -->","yoast_head_json":{"title":"Language Scheme - CCPC Consumers","description":"The Competition and Consumer Protection Commission is an independent statutory body that enforces competition and consumer protection law in Ireland","robots":{"index":"noindex","follow":"follow","max-snippet":"max-snippet:-1","max-image-preview":"max-image-preview:large","max-video-preview":"max-video-preview:-1"},"og_locale":"en_GB","og_type":"article","og_title":"Language Scheme - CCPC Consumers","og_description":"The Competition and Consumer Protection Commission is an independent statutory body that enforces competition and consumer protection law in Ireland","og_url":"https:\/\/www.ccpc.ie\/consumers\/about\/governance\/language-scheme\/","og_site_name":"CCPC Consumers","twitter_card":"summary_large_image","twitter_misc":{"Estimated reading time":"1 minute"},"schema":{"@context":"https:\/\/schema.org","@graph":[{"@type":"WebPage","@id":"https:\/\/www.ccpc.ie\/consumers\/about\/governance\/language-scheme\/","url":"https:\/\/www.ccpc.ie\/consumers\/about\/governance\/language-scheme\/","name":"Language Scheme - CCPC Consumers","isPartOf":{"@id":"https:\/\/ccpc.inventise.ie\/consumers\/#website"},"datePublished":"2022-01-20T09:33:28+00:00","description":"The Competition and Consumer Protection Commission is an independent statutory body that enforces competition and consumer protection law in Ireland","breadcrumb":{"@id":"https:\/\/www.ccpc.ie\/consumers\/about\/governance\/language-scheme\/#breadcrumb"},"inLanguage":"en-GB","potentialAction":[{"@type":"ReadAction","target":["https:\/\/www.ccpc.ie\/consumers\/about\/governance\/language-scheme\/"]}]},{"@type":"BreadcrumbList","@id":"https:\/\/www.ccpc.ie\/consumers\/about\/governance\/language-scheme\/#breadcrumb","itemListElement":[{"@type":"ListItem","position":1,"name":"Home","item":"https:\/\/ccpc.inventise.ie\/consumers\/"},{"@type":"ListItem","position":2,"name":"About","item":"https:\/\/www.ccpc.ie\/consumers\/about\/"},{"@type":"ListItem","position":3,"name":"Governance","item":"https:\/\/www.ccpc.ie\/consumers\/about\/governance\/"},{"@type":"ListItem","position":4,"name":"Language Scheme"}]},{"@type":"WebSite","@id":"https:\/\/ccpc.inventise.ie\/consumers\/#website","url":"https:\/\/ccpc.inventise.ie\/consumers\/","name":"CCPC Consumers","description":"The Competition and Consumer Protection Commission","potentialAction":[{"@type":"SearchAction","target":{"@type":"EntryPoint","urlTemplate":"https:\/\/ccpc.inventise.ie\/consumers\/?s={search_term_string}"},"query-input":{"@type":"PropertyValueSpecification","valueRequired":true,"valueName":"search_term_string"}}],"inLanguage":"en-GB"}]}},"_links":{"self":[{"href":"https:\/\/ccpc.inventise.ie\/consumers\/wp-json\/wp\/v2\/pages\/15491","targetHints":{"allow":["GET"]}}],"collection":[{"href":"https:\/\/ccpc.inventise.ie\/consumers\/wp-json\/wp\/v2\/pages"}],"about":[{"href":"https:\/\/ccpc.inventise.ie\/consumers\/wp-json\/wp\/v2\/types\/page"}],"author":[{"embeddable":true,"href":"https:\/\/ccpc.inventise.ie\/consumers\/wp-json\/wp\/v2\/users\/178"}],"replies":[{"embeddable":true,"href":"https:\/\/ccpc.inventise.ie\/consumers\/wp-json\/wp\/v2\/comments?post=15491"}],"version-history":[{"count":1,"href":"https:\/\/ccpc.inventise.ie\/consumers\/wp-json\/wp\/v2\/pages\/15491\/revisions"}],"predecessor-version":[{"id":15492,"href":"https:\/\/ccpc.inventise.ie\/consumers\/wp-json\/wp\/v2\/pages\/15491\/revisions\/15492"}],"up":[{"embeddable":true,"href":"https:\/\/ccpc.inventise.ie\/consumers\/wp-json\/wp\/v2\/pages\/15486"}],"wp:attachment":[{"href":"https:\/\/ccpc.inventise.ie\/consumers\/wp-json\/wp\/v2\/media?parent=15491"}],"wp:term":[{"taxonomy":"post_tag","embeddable":true,"href":"https:\/\/ccpc.inventise.ie\/consumers\/wp-json\/wp\/v2\/tags?post=15491"}],"curies":[{"name":"wp","href":"https:\/\/api.w.org\/{rel}","templated":true}]}}